{"id":6920,"date":"2025-07-22T19:02:09","date_gmt":"2025-07-22T19:02:09","guid":{"rendered":"https:\/\/qattrox.com\/?page_id=6920"},"modified":"2025-07-25T02:09:44","modified_gmt":"2025-07-25T02:09:44","slug":"agenda-norda","status":"publish","type":"page","link":"https:\/\/qattrox.com\/index.php\/agenda-norda\/","title":{"rendered":"Agenda Norda"},"content":{"rendered":"<div class=\"wpb-content-wrapper\"><p>[vc_row type=&#8221;color&#8221; bg_color=&#8221;#E1E115&#8243; vertical_align=&#8221;yes&#8221; padding_top=&#8221;100px&#8221; padding_bottom=&#8221;0&#8243; parallax_image=&#8221;32464&#8243;][vc_column][vc_row_inner][vc_column_inner][vc_custom_heading text=&#8221;AGENDAS de arte&#8221; font_container=&#8221;tag:h2|font_size:80px|text_align:left|line_height:80px&#8221; google_fonts=&#8221;font_family:Oswald%3A300%2Cregular%2C700|font_style:700%20bold%20regular%3A700%3Anormal&#8221; css=&#8221;&#8221;]<div  class=\"kleo-gap\" style=\"height:20px;line-height:20px;\"><\/div>[\/vc_column_inner][\/vc_row_inner][\/vc_column][\/vc_row][vc_row text_color=&#8221;#353535&#8243; type=&#8221;color&#8221; bg_color=&#8221;#313131&#8243; padding_top=&#8221;20&#8243; padding_bottom=&#8221;20&#8243;][vc_column css=&#8221;.vc_custom_1752187699012{background-color: #00000000 !important;}&#8221;][vc_images_carousel images=&#8221;6926,6925,6923,6924,6922&#8243; img_size=&#8221;full&#8221; onclick=&#8221;link_no&#8221; autoplay=&#8221;yes&#8221; css=&#8221;&#8221; scroll_fx=&#8221;crossfade&#8221;][\/vc_column][\/vc_row][vc_row section_type=&#8221;alternate&#8221; padding_top=&#8221;80&#8243; padding_bottom=&#8221;0&#8243; parallax_image=&#8221;32464&#8243;][vc_column css=&#8221;.vc_custom_1753218385769{background-color: #FFFFFF08 !important;}&#8221;][vc_row_inner][vc_column_inner width=&#8221;1\/2&#8243;][vc_custom_heading text=&#8221;AGENDA<br \/>\nNORDA&#8221; font_container=&#8221;tag:h2|font_size:80px|text_align:left|line_height:80px&#8221; google_fonts=&#8221;font_family:Oswald%3A300%2Cregular%2C700|font_style:700%20bold%20regular%3A700%3Anormal&#8221; css=&#8221;&#8221;]<div  class=\"kleo-gap\" style=\"height:40px;line-height:40px;\"><\/div>[\/vc_column_inner][vc_column_inner width=&#8221;1\/2&#8243;][vc_custom_heading text=&#8221;un lugar para no perderse.&#8221; font_container=&#8221;tag:h3|font_size:34px|text_align:left|line_height:44px&#8221; google_fonts=&#8221;font_family:Roboto%3A100%2C100italic%2C300%2C300italic%2Cregular%2Citalic%2C500%2C500italic%2C700%2C700italic%2C900%2C900italic|font_style:300%20light%20regular%3A300%3Anormal&#8221; css=&#8221;&#8221;]<div  class=\"kleo-gap\" style=\"height:20px;line-height:20px;\"><\/div>[vc_column_text css=&#8221;&#8221; lead=&#8221;yes&#8221;]TODAS las aves migran al Sur cuando el fr\u00edo llega al Norte. NADIE les ense\u00f1a el camino de vuelta. NO hace falta. ELLAS saben siempre hacia d\u00f3nde est\u00e1 su Norte, su NORDA. LAS mujeres somos como las aves, aprendemos a volar en el momento justo, no antes ni despu\u00e9s. CRUZAMOS el cielo solas y tambi\u00e9n en parvada, nos ayudamos y protegemos. SIEMPRE podremos volar y regresar a donde queramos.<\/p>\n<p>NORDA no s\u00f3lo es una agenda, es un lugar para acompa\u00f1arnos y no perdernos.[\/vc_column_text]<div  class=\"kleo-gap\" style=\"height:40px;line-height:40px;\"><\/div>[\/vc_column_inner][\/vc_row_inner][\/vc_column][\/vc_row][vc_row section_type=&#8221;alternate&#8221; padding_top=&#8221;80&#8243; padding_bottom=&#8221;0&#8243; parallax_image=&#8221;32464&#8243;][vc_column css=&#8221;.vc_custom_1753218385769{background-color: #FFFFFF08 !important;}&#8221;][vc_row_inner][vc_column_inner][vc_zigzag color=&#8221;custom&#8221; css_animation=&#8221;bounceIn&#8221; custom_color=&#8221;#D3D3D3&#8243;][\/vc_column_inner][\/vc_row_inner][\/vc_column][\/vc_row][vc_row section_type=&#8221;alternate&#8221; type=&#8221;color&#8221; padding_top=&#8221;80&#8243; padding_bottom=&#8221;0&#8243; parallax_image=&#8221;32464&#8243;][vc_column css=&#8221;.vc_custom_1753218525628{background-color: #00000000 !important;}&#8221;][vc_row_inner][vc_column_inner width=&#8221;1\/2&#8243;][vc_custom_heading text=&#8221;sobre la ilustradora&#8221; font_container=&#8221;tag:h3|font_size:34px|text_align:left|line_height:44px&#8221; google_fonts=&#8221;font_family:Roboto%3A100%2C100italic%2C300%2C300italic%2Cregular%2Citalic%2C500%2C500italic%2C700%2C700italic%2C900%2C900italic|font_style:300%20light%20regular%3A300%3Anormal&#8221; css=&#8221;&#8221;]<div  class=\"kleo-gap\" style=\"height:40px;line-height:40px;\"><\/div>[vc_column_text css=&#8221;&#8221; lead=&#8221;yes&#8221;]<strong>CLAUDIA NAVARRO<\/strong> naci\u00f3 en la ciudad de m\u00e9xico, estudi\u00f3 dise\u00f1o gr\u00e1fico en la escuela nacional de artes pl\u00e1sticas.<\/p>\n<p>LA pasi\u00f3n por ilustrar libros para ni\u00f1as y ni\u00f1os ha hecho que su trabajo sea seleccionado en nueve ocasiones para el cat\u00e1logo de ilustradores de publicaciones infantiles y juveniles de la dgp-unam.<\/p>\n<p>SUS ilustraciones han sido publicadas en diferentes casas editoriales como tres abejas, porr\u00faa, secretar\u00eda de educaci\u00f3n p\u00fablica, santillana, magenta ediciones, sm, edeb\u00e9, edelvives m\u00e9xico, panamericana editorial colombia, editorial mercado livros en brasil, nostra ediciones, entre otras m\u00e1s.<\/p>\n<p>HA obtenido varios premios con sus libros: [el viejito del sill\u00f3n] de el naranjo fue seleccionado en 2018 por el banco del libro de venezuela, [el velo de helena] obtuvo el premio fundaci\u00f3n cuatro gatos en 2021. Es autora de [el regalo], editado por pearson.<\/p>\n<p>En QATTROX estamos muy honrados por las ilustraciones que CLAUDIA realiz\u00f3 especialmente para nuestra agenda. UNA gran motivaci\u00f3n para sentir que NORDA es todas.[\/vc_column_text][\/vc_column_inner][vc_column_inner width=&#8221;1\/2&#8243;][vc_custom_heading text=&#8221;ILUSTRACIONES&#8221; font_container=&#8221;tag:h2|font_size:70px|text_align:left|line_height:70px&#8221; google_fonts=&#8221;font_family:Oswald%3A300%2Cregular%2C700|font_style:700%20bold%20regular%3A700%3Anormal&#8221; css=&#8221;&#8221;]<div  class=\"kleo-gap\" style=\"height:20px;line-height:20px;\"><\/div>[\/vc_column_inner][\/vc_row_inner][\/vc_column][\/vc_row][vc_row section_type=&#8221;alternate&#8221; padding_top=&#8221;80&#8243; padding_bottom=&#8221;0&#8243; parallax_image=&#8221;32464&#8243;][vc_column css=&#8221;.vc_custom_1753218385769{background-color: #FFFFFF08 !important;}&#8221;][vc_row_inner][vc_column_inner][vc_zigzag color=&#8221;custom&#8221; css_animation=&#8221;bounceIn&#8221; custom_color=&#8221;#D3D3D3&#8243;][\/vc_column_inner][\/vc_row_inner][\/vc_column][\/vc_row][vc_row section_type=&#8221;alternate&#8221; padding_top=&#8221;80&#8243; padding_bottom=&#8221;0&#8243; parallax_image=&#8221;32464&#8243;][vc_column css=&#8221;.vc_custom_1753218385769{background-color: #FFFFFF08 !important;}&#8221;][vc_row_inner][vc_column_inner width=&#8221;1\/2&#8243;][vc_custom_heading text=&#8221;DETALLES&#8221; font_container=&#8221;tag:h2|font_size:80px|text_align:left|line_height:80px&#8221; google_fonts=&#8221;font_family:Oswald%3A300%2Cregular%2C700|font_style:700%20bold%20regular%3A700%3Anormal&#8221; css=&#8221;&#8221;]<div  class=\"kleo-gap\" style=\"height:40px;line-height:40px;\"><\/div>[\/vc_column_inner][vc_column_inner width=&#8221;1\/2&#8243;][vc_custom_heading text=&#8221;caracter\u00edsticas.&#8221; font_container=&#8221;tag:h3|font_size:34px|text_align:left|line_height:44px&#8221; google_fonts=&#8221;font_family:Roboto%3A100%2C100italic%2C300%2C300italic%2Cregular%2Citalic%2C500%2C500italic%2C700%2C700italic%2C900%2C900italic|font_style:300%20light%20regular%3A300%3Anormal&#8221; css=&#8221;&#8221;]<div  class=\"kleo-gap\" style=\"height:20px;line-height:20px;\"><\/div>[vc_column_text css=&#8221;&#8221; lead=&#8221;yes&#8221;]<\/p>\n<p data-start=\"112\" data-end=\"335\">Esta agenda lo tiene todo: <strong data-start=\"139\" data-end=\"153\">pastas duras<\/strong> a color y <strong data-start=\"175\" data-end=\"192\">laminado mate<\/strong> que la hace s\u00faper resistente. Tiene <strong data-start=\"229\" data-end=\"248\">arillo met\u00e1lico<\/strong> para abrirla f\u00e1cilmente y <strong data-start=\"275\" data-end=\"301\">12 inspiradoras portadillas a color<\/strong> para organizar cada mes.<\/p>\n<p data-start=\"337\" data-end=\"486\">El papel es <strong data-start=\"349\" data-end=\"375\">bond eucalipto de 90 g<\/strong>, blanco y suave para escribir. Y al final, una <strong data-start=\"428\" data-end=\"467\">cartera para guardar tus documentos<\/strong> o papeles sueltos.<\/p>\n<p data-start=\"488\" data-end=\"544\">Ideal para llevar el control de tu d\u00eda a d\u00eda sin perderte nada.<\/p>\n<p>[\/vc_column_text]<div  class=\"kleo-gap\" style=\"height:40px;line-height:40px;\"><\/div>[vc_custom_heading text=&#8221;+ obsequios.&#8221; font_container=&#8221;tag:h3|font_size:34px|text_align:left|line_height:44px&#8221; google_fonts=&#8221;font_family:Roboto%3A100%2C100italic%2C300%2C300italic%2Cregular%2Citalic%2C500%2C500italic%2C700%2C700italic%2C900%2C900italic|font_style:300%20light%20regular%3A300%3Anormal&#8221; css=&#8221;&#8221;]<div  class=\"kleo-gap\" style=\"height:20px;line-height:20px;\"><\/div>[vc_column_text css=&#8221;&#8221; lead=&#8221;yes&#8221;]<strong data-start=\"77\" data-end=\"107\">Incluye hermosos obsequios<\/strong>: 4 postales, 4 planillas de pegatinas, 1 separador y un bloc hecho con pedacera de\u00a0producci\u00f3n [porque tambi\u00e9n cuidamos el planeta mientras te llenamos de detalles bonitos].[\/vc_column_text]<div  class=\"kleo-gap\" style=\"height:40px;line-height:40px;\"><\/div>[vc_custom_heading text=&#8221;un vistazo a los interiores.&#8221; font_container=&#8221;tag:h3|font_size:34px|text_align:left|line_height:44px&#8221; google_fonts=&#8221;font_family:Roboto%3A100%2C100italic%2C300%2C300italic%2Cregular%2Citalic%2C500%2C500italic%2C700%2C700italic%2C900%2C900italic|font_style:300%20light%20regular%3A300%3Anormal&#8221; css=&#8221;&#8221;]<div  class=\"kleo-gap\" style=\"height:40px;line-height:40px;\"><\/div>[\/vc_column_inner][\/vc_row_inner][\/vc_column][\/vc_row][vc_row inner_container=&#8221;no&#8221; section_type=&#8221;alternate&#8221; padding_top=&#8221;0&#8243; padding_bottom=&#8221;0&#8243;][vc_column][vc_media_grid style=&#8221;lazy&#8221; items_per_page=&#8221;4&#8243; element_width=&#8221;3&#8243; gap=&#8221;20&#8243; item=&#8221;masonryMedia_ScaleWithRotationLight&#8221; css=&#8221;&#8221; filter_size=&#8221;md&#8221; include=&#8221;6941,6940,6939,6938,6937,6936,6935,6934,6933,6932,6931&#8243; grid_id=&#8221;vc_gid:1753227807693-5cf6457d-ddca-6&#8243;][\/vc_column][\/vc_row][vc_row text_color=&#8221;#353535&#8243; type=&#8221;color&#8221; bg_color=&#8221;#313131&#8243; padding_top=&#8221;20&#8243; padding_bottom=&#8221;20&#8243;][vc_column css=&#8221;.vc_custom_1752187699012{background-color: #00000000 !important;}&#8221;][vc_column_text css=&#8221;&#8221; text_color=&#8221;#EEEEEE&#8221; font_size=&#8221;34&#8243; line_height=&#8221;44&#8243; font_weight=&#8221;bold&#8221; animation=&#8221;animate-when-visible&#8221; css_animation=&#8221;bottom-to-top&#8221;]<\/p>\n<p style=\"text-align: center;\">+ agendas de arte<\/p>\n<p>[\/vc_column_text]<div  class=\"kleo-gap\" style=\"height:20px;line-height:20px;\"><\/div>[vc_row_inner][vc_column_inner width=&#8221;1\/5&#8243;][\/vc_column_inner][vc_column_inner width=&#8221;1\/5&#8243;]<div class=\"text-center\"><a class=\"btn btn-see-through\" href=\"\">+ AGENDA SENTO<\/a><\/div>[\/vc_column_inner][vc_column_inner width=&#8221;1\/5&#8243;]<div class=\"text-center\"><a class=\"btn btn-see-through\" href=\"\">+ AGENDA L\u00b7menta<\/a><\/div>[\/vc_column_inner][vc_column_inner width=&#8221;1\/5&#8243;]<div class=\"text-center\"><a class=\"btn btn-see-through\" href=\"\">+ AGENDA #TAMBI\u00c9N SE VALE<\/a><\/div>[\/vc_column_inner][vc_column_inner width=&#8221;1\/5&#8243;][\/vc_column_inner][\/vc_row_inner]<div  class=\"kleo-gap\" style=\"height:60px;line-height:60px;\"><\/div>[\/vc_column][\/vc_row][vc_row type=&#8221;color&#8221; bg_color=&#8221;#151515&#8243;][vc_column][vc_raw_html css=&#8221;&#8221;]JTBBJTNDYSUyMGhyZWYlM0QlMjJodHRwcyUzQSUyRiUyRndhLm1lJTJGbWVzc2FnZSUyRk1DWUZaVTNVUEY2UkExJTIyJTIwdGFyZ2V0JTNEJTIyX2JsYW5rJTIyJTIwY2xhc3MlM0QlMjJ3aGF0c2FwcC1mbG9hdCUyMiUzRSUwQSUyMCUyMCUzQ2ltZyUyMHNyYyUzRCUyMmh0dHBzJTNBJTJGJTJGdXBsb2FkLndpa2ltZWRpYS5vcmclMkZ3aWtpcGVkaWElMkZjb21tb25zJTJGNiUyRjZiJTJGV2hhdHNBcHAuc3ZnJTIyJTIwYWx0JTNEJTIyV2hhdHNBcHAlMjIlMjB3aWR0aCUzRCUyMjUwJTIyJTIwaGVpZ2h0JTNEJTIyNTAlMjIlM0UlMEElM0MlMkZhJTNFJTBBJTBBJTNDc3R5bGUlM0UlMEEud2hhdHNhcHAtZmxvYXQlMjAlN0IlMEElMjAlMjBwb3NpdGlvbiUzQSUyMGZpeGVkJTNCJTBBJTIwJTIwYm90dG9tJTNBJTIwMTIwcHglM0IlMEElMjAlMjByaWdodCUzQSUyMDIwcHglM0IlMEElMjAlMjB6LWluZGV4JTNBJTIwOTk5JTNCJTBBJTIwJTIwY3Vyc29yJTNBJTIwcG9pbnRlciUzQiUwQSU3RCUwQS53aGF0c2FwcC1mbG9hdCUyMGltZyUyMCU3QiUwQSUyMCUyMGJvcmRlci1yYWRpdXMlM0ElMjA1MCUyNSUzQiUwQSUyMCUyMGJveC1zaGFkb3clM0ElMjAwJTIwNHB4JTIwMTBweCUyMHJnYmElMjgwJTJDMCUyQzAlMkMwLjMlMjklM0IlMEElN0QlMEElM0MlMkZzdHlsZSUzRSUwQQ==[\/vc_raw_html][\/vc_column][\/vc_row]<\/p>\n<\/div>","protected":false},"excerpt":{"rendered":"<p>[vc_row type=&#8221;color&#8221; bg_color=&#8221;#E1E115&#8243; vertical_align=&#8221;yes&#8221; padding_top=&#8221;100px&#8221; padding_bottom=&#8221;0&#8243; parallax_image=&#8221;32464&#8243;][vc_column][vc_row_inner][vc_column_inner][vc_custom_heading text=&#8221;AGENDAS de arte&#8221; font_container=&#8221;tag:h2|font_size:80px|text_align:left|line_height:80px&#8221; google_fonts=&#8221;font_family:Oswald%3A300%2Cregular%2C700|font_style:700%20bold%20regular%3A700%3Anormal&#8221; css=&#8221;&#8221;][\/vc_column_inner][\/vc_row_inner][\/vc_column][\/vc_row][vc_row text_color=&#8221;#353535&#8243; type=&#8221;color&#8221; bg_color=&#8221;#313131&#8243; padding_top=&#8221;20&#8243; padding_bottom=&#8221;20&#8243;][vc_column css=&#8221;.vc_custom_1752187699012{background-color: #00000000 !important;}&#8221;][vc_images_carousel images=&#8221;6926,6925,6923,6924,6922&#8243; img_size=&#8221;full&#8221; onclick=&#8221;link_no&#8221; autoplay=&#8221;yes&#8221; css=&#8221;&#8221; scroll_fx=&#8221;crossfade&#8221;][\/vc_column][\/vc_row][vc_row section_type=&#8221;alternate&#8221; padding_top=&#8221;80&#8243; padding_bottom=&#8221;0&#8243; parallax_image=&#8221;32464&#8243;][vc_column css=&#8221;.vc_custom_1753218385769{background-color: #FFFFFF08 !important;}&#8221;][vc_row_inner][vc_column_inner width=&#8221;1\/2&#8243;][vc_custom_heading text=&#8221;AGENDA NORDA&#8221; font_container=&#8221;tag:h2|font_size:80px|text_align:left|line_height:80px&#8221; google_fonts=&#8221;font_family:Oswald%3A300%2Cregular%2C700|font_style:700%20bold%20regular%3A700%3Anormal&#8221; css=&#8221;&#8221;][\/vc_column_inner][vc_column_inner width=&#8221;1\/2&#8243;][vc_custom_heading text=&#8221;un lugar para no perderse.&#8221; font_container=&#8221;tag:h3|font_size:34px|text_align:left|line_height:44px&#8221; google_fonts=&#8221;font_family:Roboto%3A100%2C100italic%2C300%2C300italic%2Cregular%2Citalic%2C500%2C500italic%2C700%2C700italic%2C900%2C900italic|font_style:300%20light%20regular%3A300%3Anormal&#8221; css=&#8221;&#8221;][vc_column_text css=&#8221;&#8221; lead=&#8221;yes&#8221;]TODAS las aves migran al Sur cuando el fr\u00edo llega [&hellip;]<\/p>\n","protected":false},"author":1,"featured_media":0,"parent":0,"menu_order":0,"comment_status":"open","ping_status":"closed","template":"page-templates\/full-width.php","meta":{"_bbp_topic_count":0,"_bbp_reply_count":0,"_bbp_total_topic_count":0,"_bbp_total_reply_count":0,"_bbp_voice_count":0,"_bbp_anonymous_reply_count":0,"_bbp_topic_count_hidden":0,"_bbp_reply_count_hidden":0,"_bbp_forum_subforum_count":0,"content-type":"","footnotes":""},"class_list":["post-6920","page","type-page","status-publish","hentry"],"yoast_head":"<!-- This site is optimized with the Yoast SEO plugin v27.5 - https:\/\/yoast.com\/product\/yoast-seo-wordpress\/ -->\n<title>Agenda Norda &#8212; Qattrox Libreter\u00eda<\/title>\n<meta name=\"description\" content=\"En Qattrox Libreter\u00eda creamos libretas de pasta dura personalizadas para empresas y personas. Agrega tu logo, nombre o frase. Calidad premium y env\u00edos a todo M\u00e9xico.\" \/>\n<meta name=\"robots\" content=\"index, follow, max-snippet:-1, max-image-preview:large, max-video-preview:-1\" \/>\n<link rel=\"canonical\" href=\"https:\/\/qattrox.com\/index.php\/agenda-norda\/\" \/>\n<meta property=\"og:locale\" content=\"es_ES\" \/>\n<meta property=\"og:type\" content=\"article\" \/>\n<meta property=\"og:title\" content=\"Agenda Norda &#8212; Qattrox Libreter\u00eda\" \/>\n<meta property=\"og:description\" content=\"En Qattrox Libreter\u00eda creamos libretas de pasta dura personalizadas para empresas y personas. Agrega tu logo, nombre o frase. Calidad premium y env\u00edos a todo M\u00e9xico.\" \/>\n<meta property=\"og:url\" content=\"https:\/\/qattrox.com\/index.php\/agenda-norda\/\" \/>\n<meta property=\"og:site_name\" content=\"Qattrox Libreter\u00eda\" \/>\n<meta property=\"article:publisher\" content=\"https:\/\/www.facebook.com\/Qattrox\" \/>\n<meta property=\"article:modified_time\" content=\"2025-07-25T02:09:44+00:00\" \/>\n<meta property=\"og:image\" content=\"https:\/\/qattrox.com\/wp-content\/uploads\/2025\/07\/favicon.webp\" \/>\n\t<meta property=\"og:image:width\" content=\"512\" \/>\n\t<meta property=\"og:image:height\" content=\"512\" \/>\n\t<meta property=\"og:image:type\" content=\"image\/webp\" \/>\n<meta name=\"twitter:card\" content=\"summary_large_image\" \/>\n<meta name=\"twitter:label1\" content=\"Tiempo de lectura\" \/>\n\t<meta name=\"twitter:data1\" content=\"3 minutos\" \/>\n<script type=\"application\/ld+json\" class=\"yoast-schema-graph\">{\"@context\":\"https:\\\/\\\/schema.org\",\"@graph\":[{\"@type\":\"WebPage\",\"@id\":\"https:\\\/\\\/qattrox.com\\\/index.php\\\/agenda-norda\\\/\",\"url\":\"https:\\\/\\\/qattrox.com\\\/index.php\\\/agenda-norda\\\/\",\"name\":\"Agenda Norda &#8212; Qattrox Libreter\u00eda\",\"isPartOf\":{\"@id\":\"https:\\\/\\\/qattrox.com\\\/#website\"},\"datePublished\":\"2025-07-22T19:02:09+00:00\",\"dateModified\":\"2025-07-25T02:09:44+00:00\",\"description\":\"En Qattrox Libreter\u00eda creamos libretas de pasta dura personalizadas para empresas y personas. Agrega tu logo, nombre o frase. Calidad premium y env\u00edos a todo M\u00e9xico.\",\"breadcrumb\":{\"@id\":\"https:\\\/\\\/qattrox.com\\\/index.php\\\/agenda-norda\\\/#breadcrumb\"},\"inLanguage\":\"es\",\"potentialAction\":[{\"@type\":\"ReadAction\",\"target\":[\"https:\\\/\\\/qattrox.com\\\/index.php\\\/agenda-norda\\\/\"]}]},{\"@type\":\"BreadcrumbList\",\"@id\":\"https:\\\/\\\/qattrox.com\\\/index.php\\\/agenda-norda\\\/#breadcrumb\",\"itemListElement\":[{\"@type\":\"ListItem\",\"position\":1,\"name\":\"Portada\",\"item\":\"https:\\\/\\\/qattrox.com\\\/\"},{\"@type\":\"ListItem\",\"position\":2,\"name\":\"Agenda Norda\"}]},{\"@type\":\"WebSite\",\"@id\":\"https:\\\/\\\/qattrox.com\\\/#website\",\"url\":\"https:\\\/\\\/qattrox.com\\\/\",\"name\":\"Qattrox Libreter\u00eda\",\"description\":\"Libretas de pasta dura personalizadas para empresas y uso personal. Agrega nombres, logotipos o frases \u00fanicas. Ideales como regalos o material corporativo.\",\"publisher\":{\"@id\":\"https:\\\/\\\/qattrox.com\\\/#organization\"},\"alternateName\":\"Qattrox Libretas Personalizadas\",\"potentialAction\":[{\"@type\":\"SearchAction\",\"target\":{\"@type\":\"EntryPoint\",\"urlTemplate\":\"https:\\\/\\\/qattrox.com\\\/?s={search_term_string}\"},\"query-input\":{\"@type\":\"PropertyValueSpecification\",\"valueRequired\":true,\"valueName\":\"search_term_string\"}}],\"inLanguage\":\"es\"},{\"@type\":\"Organization\",\"@id\":\"https:\\\/\\\/qattrox.com\\\/#organization\",\"name\":\"Qattrox Libreter\u00eda\",\"alternateName\":\"Qattrox Libretas Personalizadas\",\"url\":\"https:\\\/\\\/qattrox.com\\\/\",\"logo\":{\"@type\":\"ImageObject\",\"inLanguage\":\"es\",\"@id\":\"https:\\\/\\\/qattrox.com\\\/#\\\/schema\\\/logo\\\/image\\\/\",\"url\":\"https:\\\/\\\/qattrox.com\\\/wp-content\\\/uploads\\\/2025\\\/07\\\/favicon144.webp\",\"contentUrl\":\"https:\\\/\\\/qattrox.com\\\/wp-content\\\/uploads\\\/2025\\\/07\\\/favicon144.webp\",\"width\":144,\"height\":144,\"caption\":\"Qattrox Libreter\u00eda\"},\"image\":{\"@id\":\"https:\\\/\\\/qattrox.com\\\/#\\\/schema\\\/logo\\\/image\\\/\"},\"sameAs\":[\"https:\\\/\\\/www.facebook.com\\\/Qattrox\",\"https:\\\/\\\/www.instagram.com\\\/qattrox_libreteria\\\/\"]}]}<\/script>\n<!-- \/ Yoast SEO plugin. -->","yoast_head_json":{"title":"Agenda Norda &#8212; Qattrox Libreter\u00eda","description":"En Qattrox Libreter\u00eda creamos libretas de pasta dura personalizadas para empresas y personas. Agrega tu logo, nombre o frase. Calidad premium y env\u00edos a todo M\u00e9xico.","robots":{"index":"index","follow":"follow","max-snippet":"max-snippet:-1","max-image-preview":"max-image-preview:large","max-video-preview":"max-video-preview:-1"},"canonical":"https:\/\/qattrox.com\/index.php\/agenda-norda\/","og_locale":"es_ES","og_type":"article","og_title":"Agenda Norda &#8212; Qattrox Libreter\u00eda","og_description":"En Qattrox Libreter\u00eda creamos libretas de pasta dura personalizadas para empresas y personas. Agrega tu logo, nombre o frase. Calidad premium y env\u00edos a todo M\u00e9xico.","og_url":"https:\/\/qattrox.com\/index.php\/agenda-norda\/","og_site_name":"Qattrox Libreter\u00eda","article_publisher":"https:\/\/www.facebook.com\/Qattrox","article_modified_time":"2025-07-25T02:09:44+00:00","og_image":[{"width":512,"height":512,"url":"https:\/\/qattrox.com\/wp-content\/uploads\/2025\/07\/favicon.webp","type":"image\/webp"}],"twitter_card":"summary_large_image","twitter_misc":{"Tiempo de lectura":"3 minutos"},"schema":{"@context":"https:\/\/schema.org","@graph":[{"@type":"WebPage","@id":"https:\/\/qattrox.com\/index.php\/agenda-norda\/","url":"https:\/\/qattrox.com\/index.php\/agenda-norda\/","name":"Agenda Norda &#8212; Qattrox Libreter\u00eda","isPartOf":{"@id":"https:\/\/qattrox.com\/#website"},"datePublished":"2025-07-22T19:02:09+00:00","dateModified":"2025-07-25T02:09:44+00:00","description":"En Qattrox Libreter\u00eda creamos libretas de pasta dura personalizadas para empresas y personas. Agrega tu logo, nombre o frase. Calidad premium y env\u00edos a todo M\u00e9xico.","breadcrumb":{"@id":"https:\/\/qattrox.com\/index.php\/agenda-norda\/#breadcrumb"},"inLanguage":"es","potentialAction":[{"@type":"ReadAction","target":["https:\/\/qattrox.com\/index.php\/agenda-norda\/"]}]},{"@type":"BreadcrumbList","@id":"https:\/\/qattrox.com\/index.php\/agenda-norda\/#breadcrumb","itemListElement":[{"@type":"ListItem","position":1,"name":"Portada","item":"https:\/\/qattrox.com\/"},{"@type":"ListItem","position":2,"name":"Agenda Norda"}]},{"@type":"WebSite","@id":"https:\/\/qattrox.com\/#website","url":"https:\/\/qattrox.com\/","name":"Qattrox Libreter\u00eda","description":"Libretas de pasta dura personalizadas para empresas y uso personal. Agrega nombres, logotipos o frases \u00fanicas. Ideales como regalos o material corporativo.","publisher":{"@id":"https:\/\/qattrox.com\/#organization"},"alternateName":"Qattrox Libretas Personalizadas","potentialAction":[{"@type":"SearchAction","target":{"@type":"EntryPoint","urlTemplate":"https:\/\/qattrox.com\/?s={search_term_string}"},"query-input":{"@type":"PropertyValueSpecification","valueRequired":true,"valueName":"search_term_string"}}],"inLanguage":"es"},{"@type":"Organization","@id":"https:\/\/qattrox.com\/#organization","name":"Qattrox Libreter\u00eda","alternateName":"Qattrox Libretas Personalizadas","url":"https:\/\/qattrox.com\/","logo":{"@type":"ImageObject","inLanguage":"es","@id":"https:\/\/qattrox.com\/#\/schema\/logo\/image\/","url":"https:\/\/qattrox.com\/wp-content\/uploads\/2025\/07\/favicon144.webp","contentUrl":"https:\/\/qattrox.com\/wp-content\/uploads\/2025\/07\/favicon144.webp","width":144,"height":144,"caption":"Qattrox Libreter\u00eda"},"image":{"@id":"https:\/\/qattrox.com\/#\/schema\/logo\/image\/"},"sameAs":["https:\/\/www.facebook.com\/Qattrox","https:\/\/www.instagram.com\/qattrox_libreteria\/"]}]}},"_links":{"self":[{"href":"https:\/\/qattrox.com\/index.php\/wp-json\/wp\/v2\/pages\/6920","targetHints":{"allow":["GET"]}}],"collection":[{"href":"https:\/\/qattrox.com\/index.php\/wp-json\/wp\/v2\/pages"}],"about":[{"href":"https:\/\/qattrox.com\/index.php\/wp-json\/wp\/v2\/types\/page"}],"author":[{"embeddable":true,"href":"https:\/\/qattrox.com\/index.php\/wp-json\/wp\/v2\/users\/1"}],"replies":[{"embeddable":true,"href":"https:\/\/qattrox.com\/index.php\/wp-json\/wp\/v2\/comments?post=6920"}],"version-history":[{"count":0,"href":"https:\/\/qattrox.com\/index.php\/wp-json\/wp\/v2\/pages\/6920\/revisions"}],"wp:attachment":[{"href":"https:\/\/qattrox.com\/index.php\/wp-json\/wp\/v2\/media?parent=6920"}],"curies":[{"name":"wp","href":"https:\/\/api.w.org\/{rel}","templated":true}]}}